{"id":3,"date":"2024-08-28T14:03:26","date_gmt":"2024-08-28T14:03:26","guid":{"rendered":"http:\/\/comprodiverso.com\/?page_id=3"},"modified":"2025-07-05T01:02:06","modified_gmt":"2025-07-05T01:02:06","slug":"privacy-notice","status":"publish","type":"page","link":"https:\/\/comprodiverso.com\/en\/privacy-notice\/","title":{"rendered":"Privacy Notice"},"content":{"rendered":"<h4 class=\"wp-block-heading\"><strong>IDENTITY AND ADDRESS OF THE PERSON RESPONSIBLE<\/strong><\/h4>\n\n\n\n<p>Pursuant to articles 15 and 16 of the <strong>Federal Law for the Protection of Personal Data in Possession of Private Individuals (Ley Federal de Protecci\u00f3n de Datos Personales en Posesi\u00f3n de los Particulares)<\/strong> and its Regulations, it is reported that <strong>Zombusiness S. A. de C. V.<\/strong>a legally constituted company and <strong>holder of the ComproDiverso trademark<\/strong>domiciled at <strong>Torre Chapultepec Uno, Paseo de la Reforma 509, Piso 16, Suite 1662, Col. Cuauht\u00e9moc, Alcald\u00eda Cuauht\u00e9moc, C.P. 06500, Mexico City, Mexico.<\/strong>is responsible for the processing of your personal data.<\/p>\n\n\n\n<div style=\"height:30px\" aria-hidden=\"true\" class=\"wp-block-spacer\"><\/div>\n\n\n\n<hr class=\"wp-block-separator has-alpha-channel-opacity is-style-default\"\/>\n\n\n\n<div style=\"height:50px\" aria-hidden=\"true\" class=\"wp-block-spacer\"><\/div>\n\n\n\n<h4 class=\"wp-block-heading\"><strong>COLLECTION OF PERSONAL DATA<\/strong><\/h4>\n\n\n\n<p>ComproDiverso will at all times act in accordance with the principles of <strong>lawfulness, consent, information, quality, purpose, fairness, proportionality and accountability<\/strong>.<\/p>\n\n\n\n<p>The personal data we may request includes, but is not limited to:<\/p>\n\n\n\n<ul class=\"wp-block-list\">\n<li>name(s) and surname(s)<\/li>\n\n\n\n<li>address<\/li>\n\n\n\n<li>phone<\/li>\n\n\n\n<li>e-mail<\/li>\n\n\n\n<li>information related to your business or company.<\/li>\n<\/ul>\n\n\n\n<div style=\"height:30px\" aria-hidden=\"true\" class=\"wp-block-spacer\"><\/div>\n\n\n\n<hr class=\"wp-block-separator has-alpha-channel-opacity is-style-default\"\/>\n\n\n\n<div style=\"height:50px\" aria-hidden=\"true\" class=\"wp-block-spacer\"><\/div>\n\n\n\n<h4 class=\"wp-block-heading\"><strong>PURPOSES OF TREATMENT<\/strong><\/h4>\n\n\n\n<p>Personal data will be used for the following purposes:<\/p>\n\n\n\n<ul class=\"wp-block-list\">\n<li>establish and maintain communication about our activities, events and initiatives;<\/li>\n\n\n\n<li>generate statistics and analysis of the buyers, suppliers and diverse recruiters sector in Mexico;<\/li>\n\n\n\n<li>promote networking, training and business development opportunities among network members;<\/li>\n\n\n\n<li>share information about programs, calls for proposals and relevant events related to inclusion, diversity and business development.<\/li>\n<\/ul>\n\n\n\n<div style=\"height:30px\" aria-hidden=\"true\" class=\"wp-block-spacer\"><\/div>\n\n\n\n<hr class=\"wp-block-separator has-alpha-channel-opacity is-style-default\"\/>\n\n\n\n<div style=\"height:50px\" aria-hidden=\"true\" class=\"wp-block-spacer\"><\/div>\n\n\n\n<h4 class=\"wp-block-heading\"><strong>SENSITIVE PERSONAL DATA<\/strong><\/h4>\n\n\n\n<p><strong>ComproDiverso will not collect sensitive personal data.<\/strong> and does not maintain databases containing such information.<\/p>\n\n\n\n<div style=\"height:30px\" aria-hidden=\"true\" class=\"wp-block-spacer\"><\/div>\n\n\n\n<hr class=\"wp-block-separator has-alpha-channel-opacity is-style-default\"\/>\n\n\n\n<div style=\"height:50px\" aria-hidden=\"true\" class=\"wp-block-spacer\"><\/div>\n\n\n\n<h4 class=\"wp-block-heading\"><strong>TRANSFER OF PERSONAL DATA<\/strong><\/h4>\n\n\n\n<p><strong>ComproDiverso<\/strong> <strong>will not share your personal data with third parties without your express consent.<\/strong>. In case it is necessary to transfer your data to any affiliated or allied company for the fulfillment of the purposes described above, you will be notified by e-mail, explaining the purpose of such transfer.<\/p>\n\n\n\n<p>The information <strong>will only be shared if the owner grants express authorization.<\/strong>. In case of not receiving such authorization, your data will not be shared under any circumstances.<\/p>\n\n\n\n<div style=\"height:30px\" aria-hidden=\"true\" class=\"wp-block-spacer\"><\/div>\n\n\n\n<hr class=\"wp-block-separator has-alpha-channel-opacity is-style-default\"\/>\n\n\n\n<div style=\"height:50px\" aria-hidden=\"true\" class=\"wp-block-spacer\"><\/div>\n\n\n\n<h4 class=\"wp-block-heading\"><strong>ARC RIGHTS (ACCESS, RECTIFICATION, CANCELLATION AND OPPOSITION)<\/strong><\/h4>\n\n\n\n<p>You, as the owner of the data, may at any time exercise your rights to <strong>access, rectification, cancellation and opposition<\/strong> (ARCO) by sending a request to the following e-mail address <a href=\"mailto:contacto@comprodiverso.com\">contacto@comprodiverso.com<\/a>or by submitting it directly to our offices.<\/p>\n\n\n\n<p>The application must contain:<\/p>\n\n\n\n<ul class=\"wp-block-list\">\n<li>full name and means of contact (e-mail, address or telephone)<\/li>\n\n\n\n<li>copy of a valid official identification<\/li>\n\n\n\n<li>clear description of the right you wish to exercise.<\/li>\n<\/ul>\n\n\n\n<p>In case of rectification, attach the documents supporting your request.<\/p>\n\n\n\n<p><strong>ComproDiverso<\/strong> undertakes to respond within a maximum term of <strong>20 working days<\/strong> counted from the receipt of your request.<\/p>\n\n\n\n<div style=\"height:30px\" aria-hidden=\"true\" class=\"wp-block-spacer\"><\/div>\n\n\n\n<hr class=\"wp-block-separator has-alpha-channel-opacity is-style-default\"\/>\n\n\n\n<div style=\"height:50px\" aria-hidden=\"true\" class=\"wp-block-spacer\"><\/div>\n\n\n\n<h4 class=\"wp-block-heading\"><strong>COMMENTS<\/strong><\/h4>\n\n\n\n<p>When visitors leave comments on the site, we collect the data displayed in the comment form, as well as the visitor's IP address and browser user agent string to assist in spam detection.<\/p>\n\n\n\n<p>An anonymized string created from your email address (also called a <em>hash<\/em>) can be provided to the Gravatar service to verify if you are using it. The privacy policy of the Gravatar service is available here:\u00a0<a href=\"https:\/\/automattic.com\/privacy\/\">https:\/\/automattic.com\/privacy\/<\/a>.<\/p>\n\n\n\n<p>After approval of your comment, your profile picture will be visible to the public in the context of your comment.<\/p>\n\n\n\n<div style=\"height:30px\" aria-hidden=\"true\" class=\"wp-block-spacer\"><\/div>\n\n\n\n<hr class=\"wp-block-separator has-alpha-channel-opacity is-style-default\"\/>\n\n\n\n<div style=\"height:50px\" aria-hidden=\"true\" class=\"wp-block-spacer\"><\/div>\n\n\n\n<h4 class=\"wp-block-heading\"><strong>MEDIA<\/strong><\/h4>\n\n\n\n<p>If you upload images to the website, you should avoid uploading images that contain embedded location data (EXIF GPS). Website visitors can download and extract any location data from images posted on the site.<\/p>\n\n\n\n<div style=\"height:30px\" aria-hidden=\"true\" class=\"wp-block-spacer\"><\/div>\n\n\n\n<hr class=\"wp-block-separator has-alpha-channel-opacity is-style-default\"\/>\n\n\n\n<div style=\"height:50px\" aria-hidden=\"true\" class=\"wp-block-spacer\"><\/div>\n\n\n\n<h4 class=\"wp-block-heading\"><strong>COOKIES<\/strong><\/h4>\n\n\n\n<p>If you leave a comment on our site, you can choose to save your name, email address and website at <em>cookies<\/em>. This is for your convenience, so you don't have to re-enter your information when you leave another comment. You are at <em>cookies<\/em> will last for one year.<\/p>\n\n\n\n<p>If you visit our login page, we'll set up a <em>cookie<\/em> to determine if your browser accepts <em>cookies<\/em>. This <em>cookie<\/em> contains no personal data and is deleted when you close your browser.<\/p>\n\n\n\n<p>When you log in, we will also set up several <em>cookies<\/em> to save your login information and screen display preferences. The <em>cookies<\/em> The login period lasts for two days, and the <em>cookies<\/em> The display options will last for one year. If you select \"Remember me\", your login will persist for two weeks. If you log out of your account, the <em>cookies<\/em> login passwords will be deleted.<\/p>\n\n\n\n<p>If you edit or publish an article, it will be saved as a <em>cookie<\/em> in your browser. This <em>cookie<\/em> does not include personal data and simply indicates the publication ID of the article you have just edited. It expires after one day.<\/p>\n\n\n\n<div style=\"height:30px\" aria-hidden=\"true\" class=\"wp-block-spacer\"><\/div>\n\n\n\n<hr class=\"wp-block-separator has-alpha-channel-opacity is-style-default\"\/>\n\n\n\n<div style=\"height:50px\" aria-hidden=\"true\" class=\"wp-block-spacer\"><\/div>\n\n\n\n<h4 class=\"wp-block-heading\"><strong>EMBEDDED CONTENT FROM OTHER WEBSITES<\/strong><\/h4>\n\n\n\n<p>Articles on this site may include embedded content (e.g., videos, images, articles, etc.). Embedded content from other websites behaves in the same way as if the visitor had visited that site directly.<\/p>\n\n\n\n<p>These web sites may collect data about you, use <em>cookies<\/em>We may also embed additional tracking from third parties and monitor your interaction with that embedded content, including tracking your interaction if you have an account and are logged into that website.<\/p>\n\n\n\n<div style=\"height:30px\" aria-hidden=\"true\" class=\"wp-block-spacer\"><\/div>\n\n\n\n<hr class=\"wp-block-separator has-alpha-channel-opacity is-style-default\"\/>\n\n\n\n<div style=\"height:50px\" aria-hidden=\"true\" class=\"wp-block-spacer\"><\/div>\n\n\n\n<h4 class=\"wp-block-heading\"><strong>HOW LONG WE KEEP YOUR DATA<\/strong><\/h4>\n\n\n\n<p>If you leave a comment, the comment and its metadata are retained indefinitely. This is so that we can automatically recognize and approve any follow-up comments instead of keeping them in a moderation queue.<\/p>\n\n\n\n<p>For users who register on our website (if any), we also store the personal information they provide in their user profile. All users can view, edit or delete their personal information at any time (except for the user name, which cannot be changed). Website administrators can also view and edit that information.<\/p>\n\n\n\n<div style=\"height:30px\" aria-hidden=\"true\" class=\"wp-block-spacer\"><\/div>\n\n\n\n<hr class=\"wp-block-separator has-alpha-channel-opacity is-style-default\"\/>\n\n\n\n<div style=\"height:50px\" aria-hidden=\"true\" class=\"wp-block-spacer\"><\/div>\n\n\n\n<p>Date of last update: <strong>July 04, 2025<\/strong><\/p>","protected":false},"excerpt":{"rendered":"<p>IDENTIDAD Y DOMICILIO DEL RESPONSABLE Con fundamento en los art\u00edculos 15 y 16 de la Ley Federal de Protecci\u00f3n de Datos Personales en Posesi\u00f3n de los Particulares y su Reglamento, se informa que Zombusiness S. A. de C. V., empresa legalmente constituida y titular de la marca registrada ComproDiverso, con domicilio en Torre Chapultepec Uno, [&hellip;]<\/p>\n","protected":false},"author":1,"featured_media":0,"parent":0,"menu_order":0,"comment_status":"closed","ping_status":"closed","template":"","meta":{"footnotes":""},"class_list":["post-3","page","type-page","status-publish","hentry"],"_links":{"self":[{"href":"https:\/\/comprodiverso.com\/en\/wp-json\/wp\/v2\/pages\/3","targetHints":{"allow":["GET"]}}],"collection":[{"href":"https:\/\/comprodiverso.com\/en\/wp-json\/wp\/v2\/pages"}],"about":[{"href":"https:\/\/comprodiverso.com\/en\/wp-json\/wp\/v2\/types\/page"}],"author":[{"embeddable":true,"href":"https:\/\/comprodiverso.com\/en\/wp-json\/wp\/v2\/users\/1"}],"replies":[{"embeddable":true,"href":"https:\/\/comprodiverso.com\/en\/wp-json\/wp\/v2\/comments?post=3"}],"version-history":[{"count":5,"href":"https:\/\/comprodiverso.com\/en\/wp-json\/wp\/v2\/pages\/3\/revisions"}],"predecessor-version":[{"id":3071,"href":"https:\/\/comprodiverso.com\/en\/wp-json\/wp\/v2\/pages\/3\/revisions\/3071"}],"wp:attachment":[{"href":"https:\/\/comprodiverso.com\/en\/wp-json\/wp\/v2\/media?parent=3"}],"curies":[{"name":"wp","href":"https:\/\/api.w.org\/{rel}","templated":true}]}}